{"id":7,"date":"2026-05-11T08:26:28","date_gmt":"2026-05-11T08:26:28","guid":{"rendered":"https:\/\/olzalogistic.weboski.dev\/?page_id=7"},"modified":"2026-05-11T09:05:33","modified_gmt":"2026-05-11T09:05:33","slug":"strona-glowna","status":"publish","type":"page","link":"https:\/\/olzalogistic.weboski.dev\/","title":{"rendered":"Strona g\u0142\u00f3wna"},"content":{"rendered":"<section class=\"hero-block\">\n    <div class=\"hero-block__bg\">\n        <canvas id=\"hero-triangles\"><\/canvas>\n    <\/div>\n    <div class=\"middle-container\">\n        <div class=\"hero-block__content\">\n            <h1>Logistyka cross-border, kt\u00f3ra\u00a0realnie rozwija Tw\u00f3j\u00a0e\u2011commerce\u00a0w\u00a0Europie<\/h1>\n                            <div class=\"hero-block__buttons\">\n                    <a href=\"https:\/\/olzalogistic.weboski.dev\/?page_id=2\" class=\"btn btn--primary\">Um\u00f3w&nbsp;konsultacj\u0119<\/a>                    <a href=\"https:\/\/olzalogistic.weboski.dev\/?p=1\" class=\"btn btn--outlined\">Zobacz case-studies<\/a>                <\/div>\n                    <\/div>\n        <div class=\"hero-block__media-wrap\">\n                            <a href=\"https:\/\/www.youtube.com\/watch?v=Mh4j8htVH7A\" class=\"hero-block__media\" data-fancybox=\"hero-video\">\n                                            <img fetchpriority=\"high\" decoding=\"async\" src=\"https:\/\/olzalogistic.weboski.dev\/wp-content\/uploads\/2026\/05\/video-cover.png\" alt=\"\" width=\"690\" height=\"420\" loading=\"eager\">\n                                        <span class=\"hero-block__play\" aria-hidden=\"true\">\n                        <img loading=\"lazy\" decoding=\"async\" src=\"https:\/\/olzalogistic.weboski.dev\/wp-content\/themes\/olza-logistic\/assets\/img\/play.svg\" alt=\"\" width=\"72\" height=\"72\">\n                    <\/span>\n                <\/a>\n                    <\/div>\n    <\/div>\n    <div class=\"hero-block__globe\">\n        <img loading=\"lazy\" decoding=\"async\" src=\"https:\/\/olzalogistic.weboski.dev\/wp-content\/uploads\/2026\/05\/hero_globe.svg\" alt=\"\" width=\"600\" height=\"375\" aria-hidden=\"true\">\n    <\/div>\n<\/section>\n\n\n<section class=\"countries-block\">\n    <div class=\"marquee6k countries-block__inner\" data-speed=\"0.5\" data-pausable=\"true\">\n        <div class=\"countries-block__track\">\n                            <div class=\"countries-block__item\">\n                    <div class=\"countries-block__flag\">\n                                                    <img loading=\"lazy\" decoding=\"async\" src=\"https:\/\/olzalogistic.weboski.dev\/wp-content\/uploads\/2026\/05\/circle-czech.svg\" alt=\"Czechy\" width=\"40\" height=\"40\">\n                                            <\/div>\n                    <span class=\"countries-block__name\">Czechy<\/span>\n                <\/div>\n                            <div class=\"countries-block__item\">\n                    <div class=\"countries-block__flag\">\n                                                    <img loading=\"lazy\" decoding=\"async\" src=\"https:\/\/olzalogistic.weboski.dev\/wp-content\/uploads\/2026\/05\/circle-slovakia.svg\" alt=\"S\u0142owacja\" width=\"40\" height=\"40\">\n                                            <\/div>\n                    <span class=\"countries-block__name\">S\u0142owacja<\/span>\n                <\/div>\n                    <\/div>\n    <\/div>\n<\/section>\n\n\n<section class=\"featured-cards\">\n    <div class=\"container\">\n                    <div class=\"featured-cards__header\"><p><em><strong>Przewagi technologiczne<\/strong><\/em><\/p>\n<h2>Co zyskasz wsp\u00f3\u0142pracuj\u0105c<\/h2>\n<h2>z&nbsp;OlzaLogistic?<\/h2>\n<\/div>\n                            <div class=\"featured-cards__grid\">\n                                    <div class=\"featured-cards__card\">\n                        <div class=\"featured-cards__card-header\">\n                                                            <div class=\"featured-cards__card-icon\">\n                                    <img loading=\"lazy\" decoding=\"async\" src=\"https:\/\/olzalogistic.weboski.dev\/wp-content\/uploads\/2026\/05\/home_storage_gear.svg\" alt=\"\" width=\"36\" height=\"36\">\n                                <\/div>\n                                                        <h3>Pe\u0142na&nbsp;kontrola<\/h3>                        <\/div>\n                        <p>Autorski panel wysy\u0142kowy do&nbsp;generowania etykiet i&nbsp;realizacji zam\u00f3wie\u0144, z&nbsp;integracj\u0105 API<\/p>                        <a href=\"https:\/\/olzalogistic.weboski.dev\/?page_id=2\" class=\"btn-link\">Sample Page<\/a>                    <\/div>\n                                    <div class=\"featured-cards__card featured-cards__card--alt\">\n                        <div class=\"featured-cards__card-header\">\n                                                            <div class=\"featured-cards__card-icon\">\n                                    <img loading=\"lazy\" decoding=\"async\" src=\"https:\/\/olzalogistic.weboski.dev\/wp-content\/uploads\/2026\/05\/eye_tracking.svg\" alt=\"\" width=\"36\" height=\"36\">\n                                <\/div>\n                                                        <h3>\u015aledzenie przesy\u0142ek<\/h3>                        <\/div>\n                        <p>Monitoruj statusy przesy\u0142ek w&nbsp;czasie rzeczywistym \u2013 Twoi klienci zawsze wiedz\u0105, gdzie jest paczka<\/p>                        <a href=\"https:\/\/olzalogistic.weboski.dev\/?page_id=2\" class=\"btn-link\">Strona g\u0142\u00f3wna<\/a>                    <\/div>\n                                    <div class=\"featured-cards__card\">\n                        <div class=\"featured-cards__card-header\">\n                                                            <div class=\"featured-cards__card-icon\">\n                                    <img loading=\"lazy\" decoding=\"async\" src=\"https:\/\/olzalogistic.weboski.dev\/wp-content\/uploads\/2026\/05\/route.svg\" alt=\"\" width=\"36\" height=\"36\">\n                                <\/div>\n                                                        <h3>Multi-carrier<\/h3>                        <\/div>\n                        <p>Jedna integracja \u2013 dziesi\u0105tki przewo\u017anik\u00f3w. Automatyczny dob\u00f3r najlepszej opcji dostawy<\/p>                        <a href=\"https:\/\/olzalogistic.weboski.dev\/?p=1\" class=\"btn-link\">Hello world!<\/a>                    <\/div>\n                            <\/div>\n            <\/div>\n<\/section>\n\n\n<section class=\"cases-studies media-text\">\n    <div class=\"container\">\n        <div class=\"media-text__header\">\n                            <div class=\"media-text__header-top\"><div class=\"eyebrow\"><span class=\"eyebrow__text\">Cases studies<\/span><\/p>\n<hr class=\"eyebrow__line\"><\/div>\n<h2>Oni ju\u017c zyskali<\/h2>\n<p>Przeczytaj, w&nbsp;jaki spos\u00f3b nasze rozwi\u0105zania prze\u0142o\u017cy\u0142y si\u0119 na&nbsp;realne zyski i&nbsp;przyspieszy\u0142y rozw\u00f3j biznesu naszych klient\u00f3w.<\/p>\n<\/div>\n                        <div class=\"media-text__header-actions\">\n                                            <\/div>\n        <\/div>\n\n                    <div class=\"swiper cases-swiper\">\n                <div class=\"swiper-wrapper\">\n                                            <div class=\"swiper-slide\">\n                            <div class=\"media-text__body is-left\">\n                                <div class=\"media-text__image\">\n                                                                            <img decoding=\"async\" src=\"https:\/\/olzalogistic.weboski.dev\/wp-content\/uploads\/2026\/05\/text-image-sample.png\" alt=\"Jak e-sklep z&nbsp;kosmetykami zaoszcz\u0119dzi\u0142 150 tys. z\u0142 na&nbsp;wysy\u0142ce i&nbsp;skr\u00f3ci\u0142 czas dostawy do&nbsp;2 dni\" width=\"641\" height=\"420\" loading=\"lazy\">\n                                                                    <\/div>\n                                <div class=\"media-text__text\">\n                                    <h3>Jak e-sklep z&nbsp;kosmetykami zaoszcz\u0119dzi\u0142 150 tys. z\u0142 na&nbsp;wysy\u0142ce i&nbsp;skr\u00f3ci\u0142 czas dostawy do&nbsp;2 dni<\/h3>\n                                                                            <div class=\"media-text__tags\">\n                                                                                                                                                <span class=\"media-text__tag\">DMS<\/span>\n                                                                                                                                                                                                <span class=\"media-text__tag\">Integracja<\/span>\n                                                                                                                                    <\/div>\n                                                                        <p>Lorem ipsum dolor sit amet, consectetur adipiscing elit, sed do&nbsp;eiusmod tempor incididunt ut labore et dolore magna aliqua. <\/p>                                    <a href=\"https:\/\/olzalogistic.weboski.dev\/?case_study=ak-e-sklep-z-kosmetykami-zaoszczedzil-150-tys-zl-na-wysylce-i-skrocil-czas-dostawy-do-2-dni\" class=\"btn btn--primary cases-btn\">Zobacz ten case<\/a>\n                                <\/div>\n                            <\/div>\n                        <\/div>\n                                    <\/div>\n            <\/div>\n                        <\/div>\n<\/section>\n\n\n<section class=\"media-text operation-area-block\">\n    <div class=\"container\">\n                    <div class=\"media-text__header\">\n                <div class=\"media-text__header-top\"><div class=\"eyebrow\"><span class=\"eyebrow__text\">Obszar dzia\u0142ania<\/span><\/p>\n<hr class=\"eyebrow__line\"><\/div>\n<h2>Cross-Border E-commerce<\/h2>\n<p>Lorem ipsum dolor sit amet, consectetur adipiscing elit, sed do&nbsp;eiusmod tempor incididunt ut labore et dolore magna aliqua. Quis ipsum suspendisse ultrices gravida. Risus commodo viverra maecenas accumsan lacus vel facilisis.<\/p>\n<p>&nbsp;<\/p>\n        <div class=\"operation-area-block__countries\">\n                            <div class=\"operation-area-block__country\" data-country=\"czechy\" data-description=\"Lorem ipsum dolor sit amet, consectetur adipiscing elit, sed do&nbsp;eiusmod tempor incididunt ut labore et dolore magna aliqua. \">\n                    <div class=\"operation-area-block__country-flag\">\n                                                    <img loading=\"lazy\" decoding=\"async\" src=\"https:\/\/olzalogistic.weboski.dev\/wp-content\/uploads\/2026\/05\/circle-czech.svg\" alt=\"Czechy\" width=\"36\" height=\"36\">\n                                            <\/div>\n                    <span class=\"operation-area-block__country-name\">Czechy<\/span>\n                <\/div>\n                            <div class=\"operation-area-block__country\" data-country=\"slowacja\" data-description=\"Lorem ipsum dolor sit amet, consectetur adipiscing elit, sed do&nbsp;eiusmod tempor incididunt ut labore et dolore magna aliqua. \">\n                    <div class=\"operation-area-block__country-flag\">\n                                                    <img loading=\"lazy\" decoding=\"async\" src=\"https:\/\/olzalogistic.weboski.dev\/wp-content\/uploads\/2026\/05\/circle-slovakia.svg\" alt=\"S\u0142owacja\" width=\"36\" height=\"36\">\n                                            <\/div>\n                    <span class=\"operation-area-block__country-name\">S\u0142owacja<\/span>\n                <\/div>\n                    <\/div>\n        \n<\/div>\n            <\/div>\n                <div class=\"media-text__body\">\n            <div class=\"operation-area-block__left\">\n                            <\/div>\n            <div class=\"operation-area-block__map media-text__image\">\n                                    <img decoding=\"async\" src=\"https:\/\/olzalogistic.weboski.dev\/wp-content\/uploads\/2026\/05\/mapa.png\" alt=\"\" width=\"600\" height=\"550\" loading=\"lazy\">\n                            <\/div>\n        <\/div>\n\n        <div class=\"country-tooltip\" id=\"country-tooltip\">\n            <button class=\"country-tooltip__close\" aria-label=\"Zamknij\"><img loading=\"lazy\" decoding=\"async\" src=\"https:\/\/olzalogistic.weboski.dev\/wp-content\/themes\/olza-logistic\/assets\/img\/close.svg\" alt=\"\" width=\"20\" height=\"20\"><\/button>\n            <div class=\"country-tooltip__arrow\"><\/div>\n            <h4><\/h4>\n            <p><\/p>\n        <\/div>\n    <\/div>\n<\/section>\n\n\n<section class=\"steps-block\">\n    <div class=\"container\">\n                    <div class=\"steps-block__header\"><div class=\"eyebrow\"><span class=\"eyebrow__text\">Knowledge hub<\/span><\/p>\n<hr class=\"eyebrow__line\"><\/div>\n<h2>Jak dzia\u0142amy<\/h2>\n<\/div>\n        \n                    <div class=\"steps-block__grid\">\n                <div class=\"steps-block__row\">\n                                            <div class=\"steps-block__card\" data-step>\n                            <div class=\"steps-block__card-cap\">\n                                <div class=\"steps-block__card-header\">\n                                    <div class=\"steps-block__card-number\">1<\/div>\n                                    <h3>Nadanie<\/h3>                                    <img loading=\"lazy\" decoding=\"async\" class=\"steps-block__card-toggle\" src=\"https:\/\/olzalogistic.weboski.dev\/wp-content\/themes\/olza-logistic\/assets\/img\/arrow_forward_ios.svg\" alt=\"\" width=\"20\" height=\"20\">\n                                <\/div>\n                                                                    <p class=\"steps-block__card-preview\">Autorski panel wysy\u0142kowy do&nbsp;generowania etykiet i&nbsp;realizacji zam\u00f3wie\u0144, z&nbsp;integracj\u0105 API do&nbsp;Twojego systemu e-commerce.<\/p>\n                                                                                                    <div class=\"steps-block__card-body\"><p>Autorski panel wysy\u0142kowy do&nbsp;generowania etykiet i&nbsp;realizacji zam\u00f3wie\u0144, z&nbsp;integracj\u0105 API do&nbsp;Twojego systemu e-commerce.<\/p>\n<\/div>\n                                                            <\/div>\n                        <\/div>\n                                                    <div class=\"steps-block__arrow\"><img loading=\"lazy\" decoding=\"async\" src=\"https:\/\/olzalogistic.weboski.dev\/wp-content\/themes\/olza-logistic\/assets\/img\/arrow_right.svg\" alt=\"\" width=\"12\" height=\"24\"><\/div>\n                                                                    <div class=\"steps-block__card\" data-step>\n                            <div class=\"steps-block__card-cap\">\n                                <div class=\"steps-block__card-header\">\n                                    <div class=\"steps-block__card-number\">2<\/div>\n                                    <h3>Hub Cieszyn<\/h3>                                    <img loading=\"lazy\" decoding=\"async\" class=\"steps-block__card-toggle\" src=\"https:\/\/olzalogistic.weboski.dev\/wp-content\/themes\/olza-logistic\/assets\/img\/arrow_forward_ios.svg\" alt=\"\" width=\"20\" height=\"20\">\n                                <\/div>\n                                                                    <p class=\"steps-block__card-preview\">Autorski panel wysy\u0142kowy do&nbsp;generowania etykiet i&nbsp;realizacji zam\u00f3wie\u0144, z&nbsp;integracj\u0105 API do&nbsp;Twojego systemu e-commerce.<\/p>\n                                                                                                    <div class=\"steps-block__card-body\"><p>Autorski panel wysy\u0142kowy do&nbsp;generowania etykiet i&nbsp;realizacji zam\u00f3wie\u0144, z&nbsp;integracj\u0105 API do&nbsp;Twojego systemu e-commerce.<\/p>\n<\/div>\n                                                            <\/div>\n                        <\/div>\n                                                            <\/div>\n\n                            <\/div>\n        \n                            <div class=\"steps-block__footer\"><a href=\"https:\/\/olzalogistic.weboski.dev\/?page_id=2\" class=\"btn btn--outlined\">Sample Page<\/a><\/div>\n            <\/div>\n<\/section>\n\n\n<section class=\"services-block\">\n    <div class=\"container\">\n        <div class=\"media-text__body\">\n            <div class=\"services-block__left\">\n                <div class=\"eyebrow\"><span class=\"eyebrow__text\">Kompleksowy zakres us\u0142ug<\/span><\/p>\n<hr class=\"eyebrow__line\"><\/div>\n<h2>Jedna umowa &#8211;<br \/>\nwszystkie rynki<\/h2>\n<p>Do\u0142\u0105cz do&nbsp;ponad 2000 e-sklep\u00f3w, kt\u00f3re wysy\u0142aj\u0105 na&nbsp;26 rynk\u00f3w&nbsp;Europy. 99% terminowo\u015bci. Obs\u0142ugujemy ponad 3 mln paczek rocznie. Do\u0142\u0105cz do&nbsp;ponad 2000 e-sklep\u00f3w, kt\u00f3re wysy\u0142aj\u0105 na&nbsp;26 rynk\u00f3w&nbsp;Europy.<\/p>\n                <a href=\"https:\/\/olzalogistic.weboski.dev\/\" class=\"btn btn--secondary\">Strona g\u0142\u00f3wna<\/a>            <\/div>\n                            <div class=\"services-block__cards\">\n                                            <div class=\"services-block__card\">\n                                                            <div class=\"services-block__card-icon\">\n                                    <img loading=\"lazy\" decoding=\"async\" src=\"https:\/\/olzalogistic.weboski.dev\/wp-content\/uploads\/2026\/05\/deployed_code_account.svg\" alt=\"\" width=\"40\" height=\"40\">\n                                <\/div>\n                                                        <div class=\"services-block__card-content\">\n                                <div>\n                                    <span class=\"services-block__card-label\">Ekosystem<\/span>\n                                    <div class=\"services-block__card-label-line\"><\/div>\n                                <\/div>\n                                                                    <p>CC, T\u0142umaczenia, Prawo, Audyt, EMAG<\/p>\n                                                            <\/div>\n                        <\/div>\n                                            <div class=\"services-block__card\">\n                                                            <div class=\"services-block__card-icon\">\n                                    <img loading=\"lazy\" decoding=\"async\" src=\"https:\/\/olzalogistic.weboski.dev\/wp-content\/uploads\/2026\/05\/shopping_bag_speed.svg\" alt=\"\" width=\"40\" height=\"40\">\n                                <\/div>\n                                                        <div class=\"services-block__card-content\">\n                                <div>\n                                    <span class=\"services-block__card-label\">value-add<\/span>\n                                    <div class=\"services-block__card-label-line\"><\/div>\n                                <\/div>\n                                                                    <p>Zwroty, PUDO, COD, API<\/p>\n                                                            <\/div>\n                        <\/div>\n                                            <div class=\"services-block__card\">\n                                                            <div class=\"services-block__card-icon\">\n                                    <img loading=\"lazy\" decoding=\"async\" src=\"https:\/\/olzalogistic.weboski.dev\/wp-content\/uploads\/2026\/05\/deployed_code_account.svg\" alt=\"\" width=\"40\" height=\"40\">\n                                <\/div>\n                                                        <div class=\"services-block__card-content\">\n                                <div>\n                                    <span class=\"services-block__card-label\">Core<\/span>\n                                    <div class=\"services-block__card-label-line\"><\/div>\n                                <\/div>\n                                                                    <p>Cross-Border + Fulfillment<\/p>\n                                                            <\/div>\n                        <\/div>\n                                    <\/div>\n                    <\/div>\n    <\/div>\n<\/section>\n\n\n<section class=\"cta-block\">\n            <div class=\"cta-block__bg\">\n            <img decoding=\"async\" src=\"https:\/\/olzalogistic.weboski.dev\/wp-content\/uploads\/2026\/05\/cta_image.png\" alt=\"\" width=\"1600\" height=\"640\" loading=\"lazy\" aria-hidden=\"true\">\n        <\/div>\n        <div class=\"cta-block__overlays\" aria-hidden=\"true\"><\/div>\n    <div class=\"container\">\n        <div class=\"cta-block__inner\">\n            <div class=\"eyebrow\"><span class=\"eyebrow__text\">kompleksowy zakres us\u0142ug<\/span><\/p>\n<hr class=\"eyebrow__line\"><\/div>\n<h2>Wysy\u0142asz\u00a0<strong>300+<\/strong>\u00a0paczek<br \/>\nmiesi\u0119cznie za&nbsp;granic\u0119?<\/h2>\n<p>Porozmawiajmy o&nbsp;Twojej logistyce!<\/p>\n            <a href=\"https:\/\/olzalogistic.weboski.dev\/?page_id=2\" class=\"btn btn--primary\">Przejd\u017a do&nbsp;formularza<\/a>        <\/div>\n    <\/div>\n<\/section>\n","protected":false},"excerpt":{"rendered":"","protected":false},"author":1,"featured_media":0,"parent":0,"menu_order":0,"comment_status":"closed","ping_status":"closed","template":"","meta":{"_acf_changed":false,"footnotes":""},"class_list":["post-7","page","type-page","status-publish","hentry"],"acf":[],"_links":{"self":[{"href":"https:\/\/olzalogistic.weboski.dev\/index.php?rest_route=\/wp\/v2\/pages\/7","targetHints":{"allow":["GET"]}}],"collection":[{"href":"https:\/\/olzalogistic.weboski.dev\/index.php?rest_route=\/wp\/v2\/pages"}],"about":[{"href":"https:\/\/olzalogistic.weboski.dev\/index.php?rest_route=\/wp\/v2\/types\/page"}],"author":[{"embeddable":true,"href":"https:\/\/olzalogistic.weboski.dev\/index.php?rest_route=\/wp\/v2\/users\/1"}],"replies":[{"embeddable":true,"href":"https:\/\/olzalogistic.weboski.dev\/index.php?rest_route=%2Fwp%2Fv2%2Fcomments&post=7"}],"version-history":[{"count":20,"href":"https:\/\/olzalogistic.weboski.dev\/index.php?rest_route=\/wp\/v2\/pages\/7\/revisions"}],"predecessor-version":[{"id":47,"href":"https:\/\/olzalogistic.weboski.dev\/index.php?rest_route=\/wp\/v2\/pages\/7\/revisions\/47"}],"wp:attachment":[{"href":"https:\/\/olzalogistic.weboski.dev\/index.php?rest_route=%2Fwp%2Fv2%2Fmedia&parent=7"}],"curies":[{"name":"wp","href":"https:\/\/api.w.org\/{rel}","templated":true}]}}